{"id":9826,"date":"2022-09-24T21:35:08","date_gmt":"2022-09-24T21:35:08","guid":{"rendered":"http:\/\/xn--puroespaciodiseo-lub.com.ar\/?post_type=product&#038;p=9826"},"modified":"2022-11-02T22:00:55","modified_gmt":"2022-11-02T22:00:55","slug":"pierre-blue","status":"publish","type":"product","link":"https:\/\/xn--puroespaciodiseo-lub.com.ar\/es\/producto\/pierre-blue\/","title":{"rendered":"Neolith \u2013 Pierre Blue"},"content":{"rendered":"","protected":false},"excerpt":{"rendered":"<p>Pierre Bleue es una reinterpretaci\u00f3n del cl\u00e1sico de Neolith, Belgian Blue. Inspirado en la piedra natural conocida como Le Petit Granit, este modelo es el resultado de las t\u00e9cnicas m\u00e1s avanzadas empleadas con las tecnolog\u00edas NDD y Full Body de Neolith. Integrando numerosos elementos rocosos a trav\u00e9s de toda su masa azul-gris oscura, Pierre Bleue resalta por su alta definici\u00f3n y grado de realismo; disponible en 6 y 12 mm.<\/p>","protected":false},"featured_media":9827,"template":"","meta":{"inline_featured_image":false,"_monsterinsights_skip_tracking":false,"_monsterinsights_sitenote_active":false,"_monsterinsights_sitenote_note":"","_monsterinsights_sitenote_category":0,"_joinchat":[]},"product_cat":[75,74,152,147,109,153,112,70,143],"product_tag":[],"_links":{"self":[{"href":"https:\/\/xn--puroespaciodiseo-lub.com.ar\/es\/wp-json\/wp\/v2\/product\/9826"}],"collection":[{"href":"https:\/\/xn--puroespaciodiseo-lub.com.ar\/es\/wp-json\/wp\/v2\/product"}],"about":[{"href":"https:\/\/xn--puroespaciodiseo-lub.com.ar\/es\/wp-json\/wp\/v2\/types\/product"}],"wp:featuredmedia":[{"embeddable":true,"href":"https:\/\/xn--puroespaciodiseo-lub.com.ar\/es\/wp-json\/wp\/v2\/media\/9827"}],"wp:attachment":[{"href":"https:\/\/xn--puroespaciodiseo-lub.com.ar\/es\/wp-json\/wp\/v2\/media?parent=9826"}],"wp:term":[{"taxonomy":"product_cat","embeddable":true,"href":"https:\/\/xn--puroespaciodiseo-lub.com.ar\/es\/wp-json\/wp\/v2\/product_cat?post=9826"},{"taxonomy":"product_tag","embeddable":true,"href":"https:\/\/xn--puroespaciodiseo-lub.com.ar\/es\/wp-json\/wp\/v2\/product_tag?post=9826"}],"curies":[{"name":"wp","href":"https:\/\/api.w.org\/{rel}","templated":true}]}}