{"id":9831,"date":"2022-09-24T21:38:16","date_gmt":"2022-09-24T21:38:16","guid":{"rendered":"http:\/\/xn--puroespaciodiseo-lub.com.ar\/?post_type=product&#038;p=9831"},"modified":"2022-11-02T22:00:38","modified_gmt":"2022-11-02T22:00:38","slug":"pietra-di-piombo","status":"publish","type":"product","link":"https:\/\/xn--puroespaciodiseo-lub.com.ar\/es\/producto\/pietra-di-piombo\/","title":{"rendered":"Neolith \u2013 Pietra Di Piombo"},"content":{"rendered":"","protected":false},"excerpt":{"rendered":"<p>Pietra di Piombo, perteneciente a la colecci\u00f3n Fusion, presenta un dise\u00f1o de aspecto p\u00e9treo que se distingue por un tono gris oscuro. Pietra di Piombo es un material id\u00f3neo para ser utilizado en grandes superficies. Un modelo atemporal perfectamente combinable con otros elementos arquitect\u00f3nicos, que permite revestir aportando un toque de equilibrio.<\/p>","protected":false},"featured_media":9832,"template":"","meta":{"inline_featured_image":false,"_monsterinsights_skip_tracking":false,"_monsterinsights_sitenote_active":false,"_monsterinsights_sitenote_note":"","_monsterinsights_sitenote_category":0,"_joinchat":[]},"product_cat":[75,74,152,147,109,153,112,70,143],"product_tag":[],"_links":{"self":[{"href":"https:\/\/xn--puroespaciodiseo-lub.com.ar\/es\/wp-json\/wp\/v2\/product\/9831"}],"collection":[{"href":"https:\/\/xn--puroespaciodiseo-lub.com.ar\/es\/wp-json\/wp\/v2\/product"}],"about":[{"href":"https:\/\/xn--puroespaciodiseo-lub.com.ar\/es\/wp-json\/wp\/v2\/types\/product"}],"wp:featuredmedia":[{"embeddable":true,"href":"https:\/\/xn--puroespaciodiseo-lub.com.ar\/es\/wp-json\/wp\/v2\/media\/9832"}],"wp:attachment":[{"href":"https:\/\/xn--puroespaciodiseo-lub.com.ar\/es\/wp-json\/wp\/v2\/media?parent=9831"}],"wp:term":[{"taxonomy":"product_cat","embeddable":true,"href":"https:\/\/xn--puroespaciodiseo-lub.com.ar\/es\/wp-json\/wp\/v2\/product_cat?post=9831"},{"taxonomy":"product_tag","embeddable":true,"href":"https:\/\/xn--puroespaciodiseo-lub.com.ar\/es\/wp-json\/wp\/v2\/product_tag?post=9831"}],"curies":[{"name":"wp","href":"https:\/\/api.w.org\/{rel}","templated":true}]}}