{"id":9848,"date":"2022-09-24T22:37:18","date_gmt":"2022-09-24T22:37:18","guid":{"rendered":"http:\/\/xn--puroespaciodiseo-lub.com.ar\/?post_type=product&#038;p=9848"},"modified":"2022-11-02T22:00:22","modified_gmt":"2022-11-02T22:00:22","slug":"pulpis","status":"publish","type":"product","link":"https:\/\/xn--puroespaciodiseo-lub.com.ar\/es\/producto\/pulpis\/","title":{"rendered":"Neolith \u2013 Pulpis"},"content":{"rendered":"","protected":false},"excerpt":{"rendered":"<p>Inspirado en el material aut\u00f3ctono de la provincia de Castell\u00f3n (en concreto de las canteras de Santa Magdalena), Pulpis de Neolith se caracteriza por presentar una base en tono marr\u00f3n tabaco y sutiles venas blancas y doradas que surcan la tabla. Un modelo que transmite fuerza, sobriedad y elegancia, aportando contraste y juegos de sombras y vol\u00famenes al ser combinado con otros elementos arquitect\u00f3nicos de tonos m\u00e1s claros.<\/p>","protected":false},"featured_media":9849,"template":"","meta":{"inline_featured_image":false,"_monsterinsights_skip_tracking":false,"_monsterinsights_sitenote_active":false,"_monsterinsights_sitenote_note":"","_monsterinsights_sitenote_category":0,"_joinchat":[]},"product_cat":[75,74,152,147,109,153,112,70,143],"product_tag":[],"_links":{"self":[{"href":"https:\/\/xn--puroespaciodiseo-lub.com.ar\/es\/wp-json\/wp\/v2\/product\/9848"}],"collection":[{"href":"https:\/\/xn--puroespaciodiseo-lub.com.ar\/es\/wp-json\/wp\/v2\/product"}],"about":[{"href":"https:\/\/xn--puroespaciodiseo-lub.com.ar\/es\/wp-json\/wp\/v2\/types\/product"}],"wp:featuredmedia":[{"embeddable":true,"href":"https:\/\/xn--puroespaciodiseo-lub.com.ar\/es\/wp-json\/wp\/v2\/media\/9849"}],"wp:attachment":[{"href":"https:\/\/xn--puroespaciodiseo-lub.com.ar\/es\/wp-json\/wp\/v2\/media?parent=9848"}],"wp:term":[{"taxonomy":"product_cat","embeddable":true,"href":"https:\/\/xn--puroespaciodiseo-lub.com.ar\/es\/wp-json\/wp\/v2\/product_cat?post=9848"},{"taxonomy":"product_tag","embeddable":true,"href":"https:\/\/xn--puroespaciodiseo-lub.com.ar\/es\/wp-json\/wp\/v2\/product_tag?post=9848"}],"curies":[{"name":"wp","href":"https:\/\/api.w.org\/{rel}","templated":true}]}}