{"id":9895,"date":"2022-09-24T23:06:54","date_gmt":"2022-09-24T23:06:54","guid":{"rendered":"http:\/\/xn--puroespaciodiseo-lub.com.ar\/?post_type=product&#038;p=9895"},"modified":"2022-11-02T21:59:45","modified_gmt":"2022-11-02T21:59:45","slug":"sofia-cuprum","status":"publish","type":"product","link":"https:\/\/xn--puroespaciodiseo-lub.com.ar\/es\/producto\/sofia-cuprum\/","title":{"rendered":"Neolith \u2013 Sofia Cuprum"},"content":{"rendered":"","protected":false},"excerpt":{"rendered":"<p>Sofia Cuprum, una fascinante superficie oscura y sobria, representa la evoluci\u00f3n de la Steel Collection de Neolith\u00ae. El metal en el que se inspira esta superficie se remonta a comienzos de los 2000, cuando el c\u00e9lebre arquitecto franc\u00e9s Jean Nouvel estaba dise\u00f1ando el nuevo edificio destinado a albergar el Museo Reina Sof\u00eda de Madrid.<\/p>","protected":false},"featured_media":9896,"template":"","meta":{"inline_featured_image":false,"_monsterinsights_skip_tracking":false,"_monsterinsights_sitenote_active":false,"_monsterinsights_sitenote_note":"","_monsterinsights_sitenote_category":0,"_joinchat":[]},"product_cat":[75,74,152,147,109,153,112,70,143],"product_tag":[],"_links":{"self":[{"href":"https:\/\/xn--puroespaciodiseo-lub.com.ar\/es\/wp-json\/wp\/v2\/product\/9895"}],"collection":[{"href":"https:\/\/xn--puroespaciodiseo-lub.com.ar\/es\/wp-json\/wp\/v2\/product"}],"about":[{"href":"https:\/\/xn--puroespaciodiseo-lub.com.ar\/es\/wp-json\/wp\/v2\/types\/product"}],"wp:featuredmedia":[{"embeddable":true,"href":"https:\/\/xn--puroespaciodiseo-lub.com.ar\/es\/wp-json\/wp\/v2\/media\/9896"}],"wp:attachment":[{"href":"https:\/\/xn--puroespaciodiseo-lub.com.ar\/es\/wp-json\/wp\/v2\/media?parent=9895"}],"wp:term":[{"taxonomy":"product_cat","embeddable":true,"href":"https:\/\/xn--puroespaciodiseo-lub.com.ar\/es\/wp-json\/wp\/v2\/product_cat?post=9895"},{"taxonomy":"product_tag","embeddable":true,"href":"https:\/\/xn--puroespaciodiseo-lub.com.ar\/es\/wp-json\/wp\/v2\/product_tag?post=9895"}],"curies":[{"name":"wp","href":"https:\/\/api.w.org\/{rel}","templated":true}]}}