{"id":9933,"date":"2022-09-26T20:37:03","date_gmt":"2022-09-26T20:37:03","guid":{"rendered":"http:\/\/xn--puroespaciodiseo-lub.com.ar\/?post_type=product&#038;p=9933"},"modified":"2022-11-02T21:59:18","modified_gmt":"2022-11-02T21:59:18","slug":"zaha-stone","status":"publish","type":"product","link":"https:\/\/xn--puroespaciodiseo-lub.com.ar\/es\/producto\/zaha-stone\/","title":{"rendered":"Neolith \u2013 Zaha Stone"},"content":{"rendered":"","protected":false},"excerpt":{"rendered":"<p>Neolith les lleva de viaje a Ir\u00e1n con su reinterpretaci\u00f3n contempor\u00e1nea de la Piedra Gris Iran\u00ed. El equipo de dise\u00f1o de Neolith, incorpora un tono gris m\u00e1s rico, m\u00e1s industrial, con venas blancas que realzan el fondo en direcciones contrapuestas. El modelo Zaha Stone, rinde tributo a la recientemente fallecida e incre\u00edblemente talentosa, Zaha Hadid, una aut\u00e9ntica inspiraci\u00f3n en la comunidad arquitect\u00f3nica. Disponible en 6 y en 12 mm de espesor en acabado Silk.<\/p>","protected":false},"featured_media":9934,"template":"","meta":{"inline_featured_image":false,"_monsterinsights_skip_tracking":false,"_monsterinsights_sitenote_active":false,"_monsterinsights_sitenote_note":"","_monsterinsights_sitenote_category":0,"_joinchat":[]},"product_cat":[75,74,152,147,109,153,112,70,143],"product_tag":[],"_links":{"self":[{"href":"https:\/\/xn--puroespaciodiseo-lub.com.ar\/es\/wp-json\/wp\/v2\/product\/9933"}],"collection":[{"href":"https:\/\/xn--puroespaciodiseo-lub.com.ar\/es\/wp-json\/wp\/v2\/product"}],"about":[{"href":"https:\/\/xn--puroespaciodiseo-lub.com.ar\/es\/wp-json\/wp\/v2\/types\/product"}],"wp:featuredmedia":[{"embeddable":true,"href":"https:\/\/xn--puroespaciodiseo-lub.com.ar\/es\/wp-json\/wp\/v2\/media\/9934"}],"wp:attachment":[{"href":"https:\/\/xn--puroespaciodiseo-lub.com.ar\/es\/wp-json\/wp\/v2\/media?parent=9933"}],"wp:term":[{"taxonomy":"product_cat","embeddable":true,"href":"https:\/\/xn--puroespaciodiseo-lub.com.ar\/es\/wp-json\/wp\/v2\/product_cat?post=9933"},{"taxonomy":"product_tag","embeddable":true,"href":"https:\/\/xn--puroespaciodiseo-lub.com.ar\/es\/wp-json\/wp\/v2\/product_tag?post=9933"}],"curies":[{"name":"wp","href":"https:\/\/api.w.org\/{rel}","templated":true}]}}