{"id":9943,"date":"2022-09-26T20:46:14","date_gmt":"2022-09-26T20:46:14","guid":{"rendered":"http:\/\/xn--puroespaciodiseo-lub.com.ar\/?post_type=product&#038;p=9943"},"modified":"2022-11-02T21:57:50","modified_gmt":"2022-11-02T21:57:50","slug":"artic-white","status":"publish","type":"product","link":"https:\/\/xn--puroespaciodiseo-lub.com.ar\/es\/producto\/artic-white\/","title":{"rendered":"Neolith \u2013 Artic White"},"content":{"rendered":"","protected":false},"excerpt":{"rendered":"<p>Arctic White, perteneciente a la colecci\u00f3n Colorfeel, es el modelo m\u00e1s inmaculado de toda la gama crom\u00e1tica de Neolith. Un blanco puro que transmite gran luminosidad, aportando apariencia de continuidad. Arctic White es una apuesta segura al poderse utilizar en numerosas aplicaci\u00f3nes, y combinarse con cualquier elemento arquitect\u00f3nico, aportando una impecable est\u00e9tica a los ambientes.<\/p>","protected":false},"featured_media":9944,"template":"","meta":{"inline_featured_image":false,"_monsterinsights_skip_tracking":false,"_monsterinsights_sitenote_active":false,"_monsterinsights_sitenote_note":"","_monsterinsights_sitenote_category":0,"_joinchat":[]},"product_cat":[75,74,152,147,109,153,112,70,143],"product_tag":[],"_links":{"self":[{"href":"https:\/\/xn--puroespaciodiseo-lub.com.ar\/es\/wp-json\/wp\/v2\/product\/9943"}],"collection":[{"href":"https:\/\/xn--puroespaciodiseo-lub.com.ar\/es\/wp-json\/wp\/v2\/product"}],"about":[{"href":"https:\/\/xn--puroespaciodiseo-lub.com.ar\/es\/wp-json\/wp\/v2\/types\/product"}],"wp:featuredmedia":[{"embeddable":true,"href":"https:\/\/xn--puroespaciodiseo-lub.com.ar\/es\/wp-json\/wp\/v2\/media\/9944"}],"wp:attachment":[{"href":"https:\/\/xn--puroespaciodiseo-lub.com.ar\/es\/wp-json\/wp\/v2\/media?parent=9943"}],"wp:term":[{"taxonomy":"product_cat","embeddable":true,"href":"https:\/\/xn--puroespaciodiseo-lub.com.ar\/es\/wp-json\/wp\/v2\/product_cat?post=9943"},{"taxonomy":"product_tag","embeddable":true,"href":"https:\/\/xn--puroespaciodiseo-lub.com.ar\/es\/wp-json\/wp\/v2\/product_tag?post=9943"}],"curies":[{"name":"wp","href":"https:\/\/api.w.org\/{rel}","templated":true}]}}