{"id":9958,"date":"2022-09-26T20:56:09","date_gmt":"2022-09-26T20:56:09","guid":{"rendered":"http:\/\/xn--puroespaciodiseo-lub.com.ar\/?post_type=product&#038;p=9958"},"modified":"2022-11-02T21:56:09","modified_gmt":"2022-11-02T21:56:09","slug":"basalt-grey","status":"publish","type":"product","link":"https:\/\/xn--puroespaciodiseo-lub.com.ar\/es\/producto\/basalt-grey\/","title":{"rendered":"Neolith \u2013 Basalt Grey"},"content":{"rendered":"","protected":false},"excerpt":{"rendered":"<p>Basalt Grey, incluido en la colecci\u00f3n Fusion, est\u00e1 inspirado en la piedra bas\u00e1ltica, al igual que el resto de modelos de la gama de los Basalt de la misma colecci\u00f3n. Basalt Grey se distingue del modelo Basalt Black por tener una tonalidad menos oscura con aguas gris\u00e1ceas, perfectamente combinable con el resto de modelos de la misma gama.<\/p>","protected":false},"featured_media":9959,"template":"","meta":{"inline_featured_image":false,"_monsterinsights_skip_tracking":false,"_monsterinsights_sitenote_active":false,"_monsterinsights_sitenote_note":"","_monsterinsights_sitenote_category":0,"_joinchat":[]},"product_cat":[75,74,152,147,109,153,112,70,143],"product_tag":[],"_links":{"self":[{"href":"https:\/\/xn--puroespaciodiseo-lub.com.ar\/es\/wp-json\/wp\/v2\/product\/9958"}],"collection":[{"href":"https:\/\/xn--puroespaciodiseo-lub.com.ar\/es\/wp-json\/wp\/v2\/product"}],"about":[{"href":"https:\/\/xn--puroespaciodiseo-lub.com.ar\/es\/wp-json\/wp\/v2\/types\/product"}],"wp:featuredmedia":[{"embeddable":true,"href":"https:\/\/xn--puroespaciodiseo-lub.com.ar\/es\/wp-json\/wp\/v2\/media\/9959"}],"wp:attachment":[{"href":"https:\/\/xn--puroespaciodiseo-lub.com.ar\/es\/wp-json\/wp\/v2\/media?parent=9958"}],"wp:term":[{"taxonomy":"product_cat","embeddable":true,"href":"https:\/\/xn--puroespaciodiseo-lub.com.ar\/es\/wp-json\/wp\/v2\/product_cat?post=9958"},{"taxonomy":"product_tag","embeddable":true,"href":"https:\/\/xn--puroespaciodiseo-lub.com.ar\/es\/wp-json\/wp\/v2\/product_tag?post=9958"}],"curies":[{"name":"wp","href":"https:\/\/api.w.org\/{rel}","templated":true}]}}