{"id":9977,"date":"2022-09-26T21:07:39","date_gmt":"2022-09-26T21:07:39","guid":{"rendered":"http:\/\/xn--puroespaciodiseo-lub.com.ar\/?post_type=product&#038;p=9977"},"modified":"2022-09-28T21:25:52","modified_gmt":"2022-09-28T21:25:52","slug":"bianco-venatino","status":"publish","type":"product","link":"https:\/\/xn--puroespaciodiseo-lub.com.ar\/es\/producto\/bianco-venatino\/","title":{"rendered":"M\u00e1rmol \u2013 Bianco Venatino"},"content":{"rendered":"","protected":false},"excerpt":{"rendered":"<p>Un blanco, c\u00e1lido y original. Con un dise\u00f1o natural plagado de vetas gris\u00e1ceas , parecen asemejar venas, de ah\u00ed su nombre, que le dan movimiento al plano, parecen salir de su superficie d\u00e1ndole un aspecto tridimensional. Ideal para interiores y espacios amplios, donde se luzca su aspecto divertido e inusual.<\/p>","protected":false},"featured_media":9978,"template":"","meta":{"inline_featured_image":false,"_monsterinsights_skip_tracking":false,"_monsterinsights_sitenote_active":false,"_monsterinsights_sitenote_note":"","_monsterinsights_sitenote_category":0,"_joinchat":[]},"product_cat":[146,111,75,152,154,70,143],"product_tag":[],"_links":{"self":[{"href":"https:\/\/xn--puroespaciodiseo-lub.com.ar\/es\/wp-json\/wp\/v2\/product\/9977"}],"collection":[{"href":"https:\/\/xn--puroespaciodiseo-lub.com.ar\/es\/wp-json\/wp\/v2\/product"}],"about":[{"href":"https:\/\/xn--puroespaciodiseo-lub.com.ar\/es\/wp-json\/wp\/v2\/types\/product"}],"wp:featuredmedia":[{"embeddable":true,"href":"https:\/\/xn--puroespaciodiseo-lub.com.ar\/es\/wp-json\/wp\/v2\/media\/9978"}],"wp:attachment":[{"href":"https:\/\/xn--puroespaciodiseo-lub.com.ar\/es\/wp-json\/wp\/v2\/media?parent=9977"}],"wp:term":[{"taxonomy":"product_cat","embeddable":true,"href":"https:\/\/xn--puroespaciodiseo-lub.com.ar\/es\/wp-json\/wp\/v2\/product_cat?post=9977"},{"taxonomy":"product_tag","embeddable":true,"href":"https:\/\/xn--puroespaciodiseo-lub.com.ar\/es\/wp-json\/wp\/v2\/product_tag?post=9977"}],"curies":[{"name":"wp","href":"https:\/\/api.w.org\/{rel}","templated":true}]}}